{"id":10740,"date":"2022-04-01T16:55:42","date_gmt":"2022-04-01T21:55:42","guid":{"rendered":"https:\/\/adverweb.com\/privacy-statement\/"},"modified":"2023-03-16T09:10:25","modified_gmt":"2023-03-16T14:10:25","slug":"declaracion-de-privacidad","status":"publish","type":"page","link":"https:\/\/adverweb.com\/es\/declaracion-de-privacidad\/","title":{"rendered":"Privacidad"},"content":{"rendered":"<div class=\"wpb-content-wrapper\"><p>[vc_row][vc_column][vc_column_text]\u00daltima actualizaci\u00f3n: febrero de 2022<\/p>\n<p><strong>1. Adverweb se compromete a proteger sus datos personales<\/strong><\/p>\n<p>Adverweb se compromete a proteger sus datos personales y su privacidad. Le animamos a leer atentamente esta Pol\u00edtica de Protecci\u00f3n de Datos.<\/p>\n<p>Esta Pol\u00edtica de protecci\u00f3n de datos le informa sobre nuestras pr\u00e1cticas de privacidad y protecci\u00f3n de datos y la forma en que sus datos personales se recopilan en l\u00ednea y c\u00f3mo Adverweb utiliza esos datos. Esta pol\u00edtica estar\u00e1 disponible en nuestra p\u00e1gina de inicio y en la parte inferior de cada p\u00e1gina de este sitio web.<\/p>\n<p>Adverweb apoya firmemente los derechos fundamentales a la privacidad y la protecci\u00f3n de datos, as\u00ed como el cumplimiento de las leyes de privacidad nacionales e internacionales.<\/p>\n<p>Adverweb se compromete a mantener la confidencialidad de los datos personales y a limitar estrictamente cualquier divulgaci\u00f3n de acuerdo con las leyes y reglamentos locales aplicables.<\/p>\n<p><strong>2. C\u00f3mo procesamos sus datos personales<\/strong><\/p>\n<p>Adverweb respeta los derechos de cada individuo o candidato a la protecci\u00f3n de su privacidad y de sus datos personales. Adverweb observar\u00e1 los siguientes principios al procesar sus datos personales:<\/p>\n<ol>\n<li>Procesar sus datos personales de manera justa, l\u00edcita y transparente;<\/li>\n<li>Recopilar sus datos personales para fines espec\u00edficos y leg\u00edtimos y no procesarlos de manera incompatible con esos fines;<\/li>\n<li>Recopilar sus datos personales que sean pertinentes y no excesivos para los fines para los que se recopilan y utilizan.<\/li>\n<li>Podemos hacer que los datos personales sean an\u00f3nimos cuando sea factible y apropiado, seg\u00fan la naturaleza de los datos y los riesgos asociados con los usos previstos;<\/li>\n<li>Mantener sus datos personales precisos y, cuando sea necesario, actualizados. Tomaremos las medidas razonables para rectificar o eliminar los datos que sean inexactos o incompletos;<\/li>\n<li>Conservar sus datos personales solo mientras sea necesario para los fines para los que fueron recopilados y procesados;<\/li>\n<li>Procesar sus datos personales de acuerdo con los derechos legales del individuo; Tomar las medidas de seguridad t\u00e9cnicas y organizativas apropiadas para mantener sus datos seguros y evitar el acceso no autorizado, el procesamiento ilegal y la p\u00e9rdida, destrucci\u00f3n o da\u00f1o no autorizado o accidental de los datos personales;<\/li>\n<li>Procesar sus datos personales solo si es l\u00edcito de acuerdo con una base legal, incluso si ha dado su consentimiento inequ\u00edvoco para dicho proceso.<\/li>\n<\/ol>\n<p><strong>3. Por qu\u00e9 recopilamos sus datos personales<\/strong><\/p>\n<p>Adverweb puede recopilar datos personales de usted para completar las siguientes operaciones:<\/p>\n<ul>\n<li>creaci\u00f3n de perfiles;<\/li>\n<li>solicitudes de informaci\u00f3n;<\/li>\n<li>eventos y grupos focales;<\/li>\n<li>solicitudes de empleo.<\/li>\n<\/ul>\n<p><strong>4. Qu\u00e9 datos se recopilan<\/strong><\/p>\n<p>Adverweb recopila y utiliza sus datos personales con la debida notificaci\u00f3n y consentimiento cuando es necesario y despu\u00e9s de haberle informado de manera adecuada.<\/p>\n<p>Los datos personales significan cualquier informaci\u00f3n relacionada con una persona f\u00edsica identificada o identificable (&#8216;Sujeto de datos&#8217;). Una persona identificable es aquella que puede ser identificada, directa o indirectamente, en particular por referencia a un identificador como un nombre, un n\u00famero de identificaci\u00f3n, datos de ubicaci\u00f3n, un identificador en l\u00ednea o a uno o m\u00e1s factores espec\u00edficos del estado f\u00edsico, fisiol\u00f3gico, gen\u00e9tico , mental, econ\u00f3mica, cultural o social de esa persona f\u00edsica.<\/p>\n<p>Esta Pol\u00edtica no cubre los datos personales an\u00f3nimos. Los datos personales se vuelven an\u00f3nimos si las personas individuales ya no son identificables o son identificables solo con un gasto desproporcionadamente grande en tiempo, costo o trabajo. Si los datos personales an\u00f3nimos dejan de ser an\u00f3nimos (es decir, las personas individuales vuelven a ser identificables), o si se utilizan seud\u00f3nimos y permiten la identificaci\u00f3n de personas individuales, esta Pol\u00edtica volver\u00e1 a aplicarse.<\/p>\n<p>Siempre depende de usted si nos transmite datos personales, aunque si elige no hacerlo, nos reservamos el derecho de no registrarlo como usuario o no proporcionarle ning\u00fan servicio.<\/p>\n<p>Los tipos de datos personales que recopilamos de usted pueden incluir:<\/p>\n<ul>\n<li>Su nombre, apellido, edad, empresa, direcci\u00f3n de correo electr\u00f3nico, n\u00famero de tel\u00e9fono;<\/li>\n<li>Antecedentes educativos y laborales, y datos de inter\u00e9s laboral (para candidatos);<\/li>\n<li>Im\u00e1genes y grabaciones de video de eventos y grupos focales;<\/li>\n<li>Direcci\u00f3n IP.<\/li>\n<\/ul>\n<p><strong>5. C\u00f3mo usamos sus datos<\/strong><\/p>\n<p>Recopilamos y utilizamos datos personales para los siguientes fines:<\/p>\n<p>Navegaci\u00f3n y b\u00fasqueda: recopilamos ciertos datos personales cuando visita el sitio web o hace clic en los diversos enlaces de servicios. Recopilamos esos datos para mejorar su experiencia de usuario web para sus pr\u00f3ximas visitas (por ejemplo, selecci\u00f3n de pa\u00eds, idioma), para ayudar a administrar los sitios de manera m\u00e1s eficiente, recopilar informaci\u00f3n demogr\u00e1fica amplia, monitorear el nivel de actividad en los sitios web y evaluar la eficacia de nuestra publicidad. Consulte tambi\u00e9n nuestra Pol\u00edtica de cookies para nuestro uso de cookies.<\/p>\n<p>Informaci\u00f3n de contacto: si se pone en contacto con nosotros, mantenemos un registro de su correspondencia o comentarios, incluidos los datos personales, en un archivo espec\u00edfico para usted. Utilizamos estos datos para ayudarnos a brindarle un mejor servicio en caso de que se comunique con nosotros nuevamente.<\/p>\n<p>Reclutamiento: Tratamos la informaci\u00f3n personal de los candidatos para gestionar el proceso de reclutamiento.<\/p>\n<p>Eventos y grupos focales: recopilamos datos personales sobre usted mientras realizamos proyectos de investigaci\u00f3n en nombre de nuestros clientes. Solo recopilamos y procesamos estos datos con su consentimiento.<\/p>\n<p>Conservaremos sus datos personales durante el tiempo necesario para completar el prop\u00f3sito para el que fueron recopilados.<\/p>\n<p><strong>6. Qu\u00e9 hacemos con sus datos personales<\/strong><\/p>\n<p>Si nos revela datos personales, directamente o no, haremos lo siguiente:<\/p>\n<ul>\n<li>no venderlo o alquilarlo a un tercero sin su permiso<br \/>\ntomar precauciones comercialmente razonables para proteger los<\/li>\n<li>datos personales de p\u00e9rdida, uso indebido y acceso no autorizado, divulgaci\u00f3n, alteraci\u00f3n y destrucci\u00f3n;<\/li>\n<li>no tratar los datos personales excepto:\n<ul>\n<li>en conjunto con otros datos de tal manera que su identidad no pueda determinarse razonablemente (por ejemplo, compilaciones estad\u00edsticas);<\/li>\n<li>seg\u00fan lo exija la ley, por ejemplo, en respuesta a una citaci\u00f3n u orden de allanamiento;<\/li>\n<li>a auditores externos que han acordado mantener la confidencialidad de los datos;<\/li>\n<li>seg\u00fan sea necesario para proteger los derechos, la seguridad o la propiedad de Adverweb, sus usuarios u otros; esto puede incluir (por ejemplo) el intercambio de informaci\u00f3n con otras organizaciones o autoridades p\u00fablicas para identificaci\u00f3n, protecci\u00f3n contra fraudes y\/o reducci\u00f3n de riesgos.<\/li>\n<\/ul>\n<\/li>\n<\/ul>\n<p><strong>7. Su consentimiento<\/strong><\/p>\n<p>Al proporcionarnos sus datos personales y\/o utilizar los sitios web y\/o celebrar un contrato con nosotros, usted da su consentimiento para que procesemos sus datos personales para los fines descritos en el art\u00edculo 3.<\/p>\n<p>Tambi\u00e9n acepta que transfiramos sus datos personales a pa\u00edses o jurisdicciones que no brindan el mismo nivel de protecci\u00f3n de datos que la UE, si es necesario para los fines anteriores. Si realizamos dicha transferencia, proporcionaremos las garant\u00edas adecuadas para garantizar que sus datos personales est\u00e9n debidamente protegidos. Si nos proporciona datos personales sobre otra persona, confirma que lo ha designado para actuar en su nombre, para dar su consentimiento para el procesamiento de sus datos personales, incluidos los datos personales confidenciales, y que le ha informado sobre nuestra identidad y los prop\u00f3sitos (como anteriormente) para los que se tratar\u00e1n sus datos personales. No tratamos datos personales de menores de 16 a\u00f1os sin el consentimiento expreso de sus padres o representantes legales.<\/p>\n<p><strong>8. Enlaces a sitios web de terceros<\/strong><\/p>\n<p>Los sitios web o servicios de Adverweb pueden proporcionar enlaces a aplicaciones, productos, servicios o sitios web de terceros para su conveniencia e informaci\u00f3n. Si accede a esos enlaces, abandonar\u00e1 el sitio web de Adverweb. Adverweb no controla esos sitios web de terceros ni sus pr\u00e1cticas de privacidad, que pueden diferir de las pr\u00e1cticas de Adverweb. No respaldamos ni hacemos ninguna declaraci\u00f3n sobre sitios web de terceros. Los datos personales que elija proporcionar o que estos terceros recopilen no est\u00e1n cubiertos por la Pol\u00edtica de protecci\u00f3n de datos de Adverweb. Le recomendamos que revise la pol\u00edtica de privacidad de cualquier sitio web con el que interact\u00fae antes de permitir la recopilaci\u00f3n y el uso de sus datos personales.<\/p>\n<p>Tambi\u00e9n podemos proporcionar enlaces de redes sociales que le permitan compartir datos con sus redes sociales e interactuar con Adverweb en varios sitios de redes sociales. Su uso de estos enlaces puede resultar en la recopilaci\u00f3n o el intercambio de datos sobre usted, seg\u00fan la funci\u00f3n. Lo alentamos a que revise las pol\u00edticas de privacidad y la configuraci\u00f3n en los sitios de redes sociales con los que interact\u00faa para asegurarse de que comprende los datos que esos sitios pueden recopilar, usar y compartir.<\/p>\n<p>Si publica, comenta, indica inter\u00e9s o comparte datos personales, incluidas fotograf\u00edas, en cualquier foro p\u00fablico, red social, blog u otro foro similar, tenga en cuenta que cualquier dato personal que env\u00ede se puede leer, ver, recopilar o utilizado por otros usuarios de estos foros, y podr\u00eda usarse para contactarlo, enviarle mensajes no solicitados o para fines sobre los que ni usted ni Adverweb tienen control. Adverweb no es responsable de los datos personales que elija enviar en estos foros.<\/p>\n<p><strong>9. Sus derechos de protecci\u00f3n de datos<\/strong><\/p>\n<p>Derecho de acceso: Como titular de los datos, puede consultar sobre la naturaleza de los datos personales que Adverweb posee sobre usted. Se le proporcionar\u00e1 acceso a sus datos personales independientemente de la ubicaci\u00f3n del procesamiento y almacenamiento de datos.<\/p>\n<p>Derecho de rectificaci\u00f3n: Si sus datos personales son inexactos o est\u00e1n incompletos, puede solicitar que se modifiquen.<\/p>\n<p>Derecho de oposici\u00f3n: Tiene derecho a oponerse en cualquier momento al tratamiento de sus datos personales por parte de Adverweb.<\/p>\n<p>Derecho de supresi\u00f3n: Puede solicitar la supresi\u00f3n de sus datos personales cuando lo permitan las leyes y normativas de protecci\u00f3n de datos aplicables.<\/p>\n<p>Derecho a la restricci\u00f3n del procesamiento: tiene derecho a solicitar una restricci\u00f3n del procesamiento de sus datos personales cuando est\u00e9 autorizado por las leyes y regulaciones de protecci\u00f3n de datos aplicables.<\/p>\n<p>Derecho a la portabilidad de datos: si cumple con las condiciones establecidas por las leyes y regulaciones de protecci\u00f3n de datos aplicables, tiene derecho a recibir un subconjunto de sus datos personales y transmitirlos desde Adverweb a otro controlador de datos.<\/p>\n<p>Tambi\u00e9n puede requerir la transmisi\u00f3n directa de Adverweb a otro controlador cuando sea t\u00e9cnicamente factible.<\/p>\n<p>Derecho a presentar una reclamaci\u00f3n: Tiene derecho a presentar una reclamaci\u00f3n ante la autoridad de control competente.<\/p>\n<p>Todas las solicitudes de los derechos antes mencionados, y cualquier pregunta relacionada con esta Pol\u00edtica de Protecci\u00f3n de Datos, puede dirigirse a:<\/p>\n<ul>\n<li>Delegado de protecci\u00f3n de datos de Adverweb<\/li>\n<li>Data.protectionuk@havas.com<\/li>\n<\/ul>\n<p><strong>10. Cambio en esta Pol\u00edtica de Protecci\u00f3n de Datos<\/strong><\/p>\n<p>Adverweb se reserva el derecho de modificar esta declaraci\u00f3n de privacidad seg\u00fan sea necesario, por ejemplo, para cumplir con cambios en leyes, reglamentos, pr\u00e1cticas y procedimientos de Adverweb, o requisitos impuestos por las autoridades de protecci\u00f3n de datos.<\/p>\n<p>En este caso, Adverweb informar\u00e1 a los candidatos de Adverweb y otras personas de cualquier cambio sustancial en esta pol\u00edtica. Adverweb publicar\u00e1 todos los cambios en sitios web internos y externos relevantes.[\/vc_column_text][\/vc_column][\/vc_row]<\/p>\n<\/div>","protected":false},"excerpt":{"rendered":"<p>[vc_row][vc_column][vc_column_text]\u00daltima actualizaci\u00f3n: febrero de 2022 1. Adverweb se compromete a proteger sus datos personales Adverweb se compromete a proteger sus datos personales y su privacidad. Le animamos a leer atentamente esta Pol\u00edtica de Protecci\u00f3n de Datos. Esta Pol\u00edtica de protecci\u00f3n de datos le informa sobre nuestras pr\u00e1cticas de privacidad y protecci\u00f3n de datos y la [&hellip;]<\/p>\n","protected":false},"author":2,"featured_media":0,"parent":0,"menu_order":0,"comment_status":"closed","ping_status":"closed","template":"","meta":{"_coblocks_attr":"","_coblocks_dimensions":"","_coblocks_responsive_height":"","_coblocks_accordion_ie_support":"","content-type":"","footnotes":""},"class_list":["post-10740","page","type-page","status-publish","hentry","grve-entry-item"],"yoast_head":"<!-- This site is optimized with the Yoast SEO plugin v27.3 - https:\/\/yoast.com\/product\/yoast-seo-wordpress\/ -->\n<title>Privacidad - Adverweb<\/title>\n<meta name=\"description\" content=\"Adverweb se compromete a proteger sus datos personales y su privacidad. Le animamos a leer atentamente esta Pol\u00edtica de Protecci\u00f3n de Datos.\" \/>\n<meta name=\"robots\" content=\"noindex, follow, max-snippet:-1, max-image-preview:large, max-video-preview:-1\" \/>\n<meta property=\"og:locale\" content=\"es_ES\" \/>\n<meta property=\"og:type\" content=\"article\" \/>\n<meta property=\"og:title\" content=\"Privacidad - Adverweb\" \/>\n<meta property=\"og:description\" content=\"Adverweb se compromete a proteger sus datos personales y su privacidad. Le animamos a leer atentamente esta Pol\u00edtica de Protecci\u00f3n de Datos.\" \/>\n<meta property=\"og:url\" content=\"https:\/\/adverweb.com\/es\/declaracion-de-privacidad\/\" \/>\n<meta property=\"og:site_name\" content=\"Adverweb\" \/>\n<meta property=\"article:publisher\" content=\"https:\/\/www.facebook.com\/adverwebcg\" \/>\n<meta property=\"article:modified_time\" content=\"2023-03-16T14:10:25+00:00\" \/>\n<meta name=\"twitter:card\" content=\"summary_large_image\" \/>\n<meta name=\"twitter:site\" content=\"@adverweb\" \/>\n<meta name=\"twitter:label1\" content=\"Tiempo de lectura\" \/>\n\t<meta name=\"twitter:data1\" content=\"8 minutos\" \/>\n<script type=\"application\/ld+json\" class=\"yoast-schema-graph\">{\"@context\":\"https:\\\/\\\/schema.org\",\"@graph\":[{\"@type\":\"WebPage\",\"@id\":\"https:\\\/\\\/adverweb.com\\\/es\\\/declaracion-de-privacidad\\\/\",\"url\":\"https:\\\/\\\/adverweb.com\\\/es\\\/declaracion-de-privacidad\\\/\",\"name\":\"Privacidad - Adverweb\",\"isPartOf\":{\"@id\":\"https:\\\/\\\/adverweb.com\\\/es\\\/#website\"},\"datePublished\":\"2022-04-01T21:55:42+00:00\",\"dateModified\":\"2023-03-16T14:10:25+00:00\",\"description\":\"Adverweb se compromete a proteger sus datos personales y su privacidad. Le animamos a leer atentamente esta Pol\u00edtica de Protecci\u00f3n de Datos.\",\"breadcrumb\":{\"@id\":\"https:\\\/\\\/adverweb.com\\\/es\\\/declaracion-de-privacidad\\\/#breadcrumb\"},\"inLanguage\":\"es\",\"potentialAction\":[{\"@type\":\"ReadAction\",\"target\":[\"https:\\\/\\\/adverweb.com\\\/es\\\/declaracion-de-privacidad\\\/\"]}]},{\"@type\":\"BreadcrumbList\",\"@id\":\"https:\\\/\\\/adverweb.com\\\/es\\\/declaracion-de-privacidad\\\/#breadcrumb\",\"itemListElement\":[{\"@type\":\"ListItem\",\"position\":1,\"name\":\"Home\",\"item\":\"https:\\\/\\\/adverweb.com\\\/es\\\/\"},{\"@type\":\"ListItem\",\"position\":2,\"name\":\"Privacidad\"}]},{\"@type\":\"WebSite\",\"@id\":\"https:\\\/\\\/adverweb.com\\\/es\\\/#website\",\"url\":\"https:\\\/\\\/adverweb.com\\\/es\\\/\",\"name\":\"Adverweb\",\"description\":\"Nuevos retos\",\"publisher\":{\"@id\":\"https:\\\/\\\/adverweb.com\\\/es\\\/#organization\"},\"potentialAction\":[{\"@type\":\"SearchAction\",\"target\":{\"@type\":\"EntryPoint\",\"urlTemplate\":\"https:\\\/\\\/adverweb.com\\\/es\\\/?s={search_term_string}\"},\"query-input\":{\"@type\":\"PropertyValueSpecification\",\"valueRequired\":true,\"valueName\":\"search_term_string\"}}],\"inLanguage\":\"es\"},{\"@type\":\"Organization\",\"@id\":\"https:\\\/\\\/adverweb.com\\\/es\\\/#organization\",\"name\":\"Adverweb Consulting Group\",\"url\":\"https:\\\/\\\/adverweb.com\\\/es\\\/\",\"logo\":{\"@type\":\"ImageObject\",\"inLanguage\":\"es\",\"@id\":\"https:\\\/\\\/adverweb.com\\\/es\\\/#\\\/schema\\\/logo\\\/image\\\/\",\"url\":\"https:\\\/\\\/4mib37.p3cdn1.secureserver.net\\\/wp-content\\\/uploads\\\/2022\\\/01\\\/FAVICON_AW-06.png?time=1681825109\",\"contentUrl\":\"https:\\\/\\\/4mib37.p3cdn1.secureserver.net\\\/wp-content\\\/uploads\\\/2022\\\/01\\\/FAVICON_AW-06.png?time=1681825109\",\"width\":174,\"height\":175,\"caption\":\"Adverweb Consulting Group\"},\"image\":{\"@id\":\"https:\\\/\\\/adverweb.com\\\/es\\\/#\\\/schema\\\/logo\\\/image\\\/\"},\"sameAs\":[\"https:\\\/\\\/www.facebook.com\\\/adverwebcg\",\"https:\\\/\\\/x.com\\\/adverweb\",\"https:\\\/\\\/www.instagram.com\\\/adverwebcg\\\/\",\"https:\\\/\\\/www.linkedin.com\\\/company\\\/adverweb\\\/\"]}]}<\/script>\n<!-- \/ Yoast SEO plugin. -->","yoast_head_json":{"title":"Privacidad - Adverweb","description":"Adverweb se compromete a proteger sus datos personales y su privacidad. Le animamos a leer atentamente esta Pol\u00edtica de Protecci\u00f3n de Datos.","robots":{"index":"noindex","follow":"follow","max-snippet":"max-snippet:-1","max-image-preview":"max-image-preview:large","max-video-preview":"max-video-preview:-1"},"og_locale":"es_ES","og_type":"article","og_title":"Privacidad - Adverweb","og_description":"Adverweb se compromete a proteger sus datos personales y su privacidad. Le animamos a leer atentamente esta Pol\u00edtica de Protecci\u00f3n de Datos.","og_url":"https:\/\/adverweb.com\/es\/declaracion-de-privacidad\/","og_site_name":"Adverweb","article_publisher":"https:\/\/www.facebook.com\/adverwebcg","article_modified_time":"2023-03-16T14:10:25+00:00","twitter_card":"summary_large_image","twitter_site":"@adverweb","twitter_misc":{"Tiempo de lectura":"8 minutos"},"schema":{"@context":"https:\/\/schema.org","@graph":[{"@type":"WebPage","@id":"https:\/\/adverweb.com\/es\/declaracion-de-privacidad\/","url":"https:\/\/adverweb.com\/es\/declaracion-de-privacidad\/","name":"Privacidad - Adverweb","isPartOf":{"@id":"https:\/\/adverweb.com\/es\/#website"},"datePublished":"2022-04-01T21:55:42+00:00","dateModified":"2023-03-16T14:10:25+00:00","description":"Adverweb se compromete a proteger sus datos personales y su privacidad. Le animamos a leer atentamente esta Pol\u00edtica de Protecci\u00f3n de Datos.","breadcrumb":{"@id":"https:\/\/adverweb.com\/es\/declaracion-de-privacidad\/#breadcrumb"},"inLanguage":"es","potentialAction":[{"@type":"ReadAction","target":["https:\/\/adverweb.com\/es\/declaracion-de-privacidad\/"]}]},{"@type":"BreadcrumbList","@id":"https:\/\/adverweb.com\/es\/declaracion-de-privacidad\/#breadcrumb","itemListElement":[{"@type":"ListItem","position":1,"name":"Home","item":"https:\/\/adverweb.com\/es\/"},{"@type":"ListItem","position":2,"name":"Privacidad"}]},{"@type":"WebSite","@id":"https:\/\/adverweb.com\/es\/#website","url":"https:\/\/adverweb.com\/es\/","name":"Adverweb","description":"Nuevos retos","publisher":{"@id":"https:\/\/adverweb.com\/es\/#organization"},"potentialAction":[{"@type":"SearchAction","target":{"@type":"EntryPoint","urlTemplate":"https:\/\/adverweb.com\/es\/?s={search_term_string}"},"query-input":{"@type":"PropertyValueSpecification","valueRequired":true,"valueName":"search_term_string"}}],"inLanguage":"es"},{"@type":"Organization","@id":"https:\/\/adverweb.com\/es\/#organization","name":"Adverweb Consulting Group","url":"https:\/\/adverweb.com\/es\/","logo":{"@type":"ImageObject","inLanguage":"es","@id":"https:\/\/adverweb.com\/es\/#\/schema\/logo\/image\/","url":"https:\/\/4mib37.p3cdn1.secureserver.net\/wp-content\/uploads\/2022\/01\/FAVICON_AW-06.png?time=1681825109","contentUrl":"https:\/\/4mib37.p3cdn1.secureserver.net\/wp-content\/uploads\/2022\/01\/FAVICON_AW-06.png?time=1681825109","width":174,"height":175,"caption":"Adverweb Consulting Group"},"image":{"@id":"https:\/\/adverweb.com\/es\/#\/schema\/logo\/image\/"},"sameAs":["https:\/\/www.facebook.com\/adverwebcg","https:\/\/x.com\/adverweb","https:\/\/www.instagram.com\/adverwebcg\/","https:\/\/www.linkedin.com\/company\/adverweb\/"]}]}},"_links":{"self":[{"href":"https:\/\/adverweb.com\/es\/wp-json\/wp\/v2\/pages\/10740","targetHints":{"allow":["GET"]}}],"collection":[{"href":"https:\/\/adverweb.com\/es\/wp-json\/wp\/v2\/pages"}],"about":[{"href":"https:\/\/adverweb.com\/es\/wp-json\/wp\/v2\/types\/page"}],"author":[{"embeddable":true,"href":"https:\/\/adverweb.com\/es\/wp-json\/wp\/v2\/users\/2"}],"replies":[{"embeddable":true,"href":"https:\/\/adverweb.com\/es\/wp-json\/wp\/v2\/comments?post=10740"}],"version-history":[{"count":5,"href":"https:\/\/adverweb.com\/es\/wp-json\/wp\/v2\/pages\/10740\/revisions"}],"predecessor-version":[{"id":11069,"href":"https:\/\/adverweb.com\/es\/wp-json\/wp\/v2\/pages\/10740\/revisions\/11069"}],"wp:attachment":[{"href":"https:\/\/adverweb.com\/es\/wp-json\/wp\/v2\/media?parent=10740"}],"curies":[{"name":"wp","href":"https:\/\/api.w.org\/{rel}","templated":true}]}}