{"id":10737,"date":"2022-04-01T16:56:31","date_gmt":"2022-04-01T21:56:31","guid":{"rendered":"https:\/\/adverweb.com\/cookie-policy\/"},"modified":"2023-03-16T08:45:40","modified_gmt":"2023-03-16T13:45:40","slug":"politica-de-cookies","status":"publish","type":"page","link":"https:\/\/adverweb.com\/es\/politica-de-cookies\/","title":{"rendered":"Cookies"},"content":{"rendered":"<div class=\"wpb-content-wrapper\"><p>[vc_row][vc_column][vc_column_text]Cuando visita nuestro sitio web, adverweb.com, algunas cookies u otras tecnolog\u00edas de seguimiento pueden almacenarse en su dispositivo (computadora, tableta o tel\u00e9fono inteligente).<\/p>\n<p>Esta Pol\u00edtica de cookies contiene informaci\u00f3n sobre qu\u00e9 son las cookies, el tipo de cookies utilizadas por ADVERWEB CONSULTING GROUP INC en el sitio web adverweb.com y el prop\u00f3sito de dicho uso, y sus opciones con respecto a las cookies.<\/p>\n<h2><b>\u00bfQu\u00e9 son las cookies y otras tecnolog\u00edas de seguimiento?<\/b><\/h2>\n<p>Las cookies son peque\u00f1os archivos de texto que contienen una cantidad de datos que se generan cuando navegas en un sitio web y se instalan en tu navegador de Internet. Las otras tecnolog\u00edas de seguimiento, como balizas web, p\u00edxeles o gifs transparentes, funcionan de manera similar a las cookies.<\/p>\n<p>Las cookies y otras tecnolog\u00edas de seguimiento se utilizan para monitorear su actividad en un sitio web permiti\u00e9ndonos (a trav\u00e9s de cookies propias) o a terceros (a trav\u00e9s de cookies de terceros) recopilar informaci\u00f3n sobre c\u00f3mo usa el sitio web y mejorar la forma en que funciona y su visita en nuestra p\u00e1gina web.<\/p>\n<p>Hay dos tipos de cookies: cookies de sesi\u00f3n y cookies persistentes.<\/p>\n<ul>\n<li aria-level=\"1\">Las cookies de sesi\u00f3n son temporales y, por lo tanto, se eliminan autom\u00e1ticamente de su dispositivo cada vez que cierra el navegador;<\/li>\n<li aria-level=\"1\">Las cookies persistentes permanecen en su dispositivo durante un per\u00edodo de tiempo especificado en la cookie y se activan cada vez que visita el sitio web que las instal\u00f3.<\/li>\n<\/ul>\n<h2><b>Su elecci\u00f3n con respecto a las cookies<\/b><\/h2>\n<p>Tiene varias opciones para controlar o limitar la forma en que nosotros o terceros usamos las cookies:<\/p>\n<ul>\n<li aria-level=\"1\">Puede optar por eliminar todas o algunas cookies de su dispositivo a trav\u00e9s de la configuraci\u00f3n de su navegador;<\/li>\n<li aria-level=\"1\">Puede elegir evitar que se instalen cookies en su dispositivo a trav\u00e9s de la configuraci\u00f3n de su navegador;<\/li>\n<li aria-level=\"1\">Puede habilitar o deshabilitar las cookies que usamos en nuestro sitio web haciendo clic en la opci\u00f3n \u00abAdministrar preferencias\u00bb en el banner de notificaci\u00f3n de cookies.<\/li>\n<\/ul>\n<p>Para obtener m\u00e1s informaci\u00f3n sobre c\u00f3mo administrar el uso de cookies desde su navegador, siga los siguientes enlaces para cada navegador:<\/p>\n<ul>\n<li aria-level=\"1\"><a href=\"https:\/\/support.microsoft.com\/en-gb\/help\/278835\/how-to-delete-cookie-files-in-internet-explorer\"> Internet Explorer<\/a><\/li>\n<li aria-level=\"1\"><a href=\"https:\/\/support.google.com\/chrome\/answer\/95647?hl=en&amp;p=cpn_cookies\">Cromo<\/a><\/li>\n<li aria-level=\"1\"><a href=\"https:\/\/support.apple.com\/en-gb\/guide\/safari\/welcome\/mac\">Safari<\/a><\/li>\n<li aria-level=\"1\"><a href=\"https:\/\/support.mozilla.org\/en-US\/kb\/cookies-information-websites-store-on-your-computer?redirectlocale=en-US&amp;amp ;redirectslug=Cookies\">Mozilla Firefox<\/a><\/li>\n<li aria-level=\"1\"><a href=\"https:\/\/help.opera.com\/en\/latest\/web-preferences\/#cookies\">Opera<\/a><\/li>\n<\/ul>\n<p>Tenga en cuenta que si elige bloquear o desactivar algunas o todas las cookies que utilizamos, es posible que nuestro sitio web no funcione correctamente y es posible que no pueda disfrutar de todos los servicios y funcionalidades proporcionados mediante el uso de cookies.<\/p>\n<p>Si desea obtener m\u00e1s informaci\u00f3n sobre las cookies y c\u00f3mo administrarlas, visite el siguiente sitio web <a href=\"http:\/\/www.allaboutcookies.org\/\">www.allaboutcookies.org<\/a><\/p>\n<h2><b>Tipos de cookies utilizadas en este sitio web<\/b><\/h2>\n<h3><b>Cookies estrictamente necesarias<\/b><\/h3>\n<p>Estas cookies son necesarias para que el sitio web funcione y no se pueden desactivar en nuestros sistemas. Por lo general, solo se configuran en respuesta a acciones realizadas por usted que equivalen a una solicitud de servicios, como configurar sus preferencias de privacidad, iniciar sesi\u00f3n o completar formularios.<\/p>\n<p>Puede configurar su navegador para que bloquee o le avise sobre estas cookies, pero algunas partes del sitio no funcionar\u00e1n. Estas cookies no almacenan ninguna informaci\u00f3n de identificaci\u00f3n personal.<\/p>\n<h3><b>Cookies de rendimiento<\/b><\/h3>\n<p>Estas cookies nos permiten contar las visitas y las fuentes de tr\u00e1fico para que podamos medir y mejorar el rendimiento de nuestro sitio. Nos ayudan a saber qu\u00e9 p\u00e1ginas son las m\u00e1s y menos populares y ver c\u00f3mo se mueven los visitantes por el sitio.<\/p>\n<p>Toda la informaci\u00f3n que recopilan estas cookies es agregada y, por lo tanto, an\u00f3nima. Si no permite estas cookies, no sabremos cu\u00e1ndo ha visitado nuestro sitio y no podremos controlar su rendimiento.<\/p>\n<h3><b>Cookies funcionales<\/b><\/h3>\n<p>Estas cookies permiten que el sitio web brinde una mejor funcionalidad y personalizaci\u00f3n. Pueden ser establecidos por nosotros o por terceros proveedores cuyos servicios hemos agregado a nuestras p\u00e1ginas.<\/p>\n<p>Si no permite estas cookies, es posible que algunos o todos estos servicios no funcionen correctamente.<\/p>\n<h3><b>Cookies de orientaci\u00f3n<\/b><\/h3>\n<p>Estas cookies pueden ser establecidas a trav\u00e9s de nuestro sitio por nuestros socios publicitarios. Esas empresas pueden utilizarlos para crear un perfil de sus intereses y mostrarle anuncios relevantes en otros sitios.<\/p>\n<p>No almacenan informaci\u00f3n personal directamente, sino que se basan en la identificaci\u00f3n \u00fanica de su navegador y dispositivo de Internet. Si no permite estas cookies, experimentar\u00e1 una publicidad menos dirigida.<\/p>\n<h3><b>Cookies de terceros<\/b><\/h3>\n<p>En algunos casos, utilizamos a terceros para administrar nuestras cookies.<\/p>\n<p>Los terceros tambi\u00e9n pueden usar sus propias cookies u otras tecnolog\u00edas de seguimiento para recopilar informaci\u00f3n sobre su actividad en el sitio web, en particular para proporcionarle anuncios personalizados en sus propios sitios web.<\/p>\n<p>Algunas cookies de redes sociales tambi\u00e9n pueden instalarse en su dispositivo para permitirle interactuar en redes sociales, como Facebook o Twitter.<\/p>\n<p>De ninguna manera estamos involucrados en la implementaci\u00f3n y el funcionamiento de dichas cookies y no tenemos acceso ni control sobre dichas cookies de terceros. Estas cookies est\u00e1n sujetas a sus propias pol\u00edticas de cookies, a las que se puede acceder en cada sitio web de terceros y que le invitamos a consultar.<\/p>\n<p>Por lo tanto, no somos responsables de los datos recopilados por estas cookies y no podemos brindarle m\u00e1s informaci\u00f3n sobre la naturaleza de la informaci\u00f3n recopilada por estas cookies de terceros.<\/p>\n<h2><b>Cont\u00e1ctenos<\/b><\/h2>\n<p>Si tiene alguna pregunta, comentario o inquietud con respecto a esta Pol\u00edtica de cookies y la forma en que Adverweb utiliza las cookies y otras tecnolog\u00edas de seguimiento, cont\u00e1ctenos en: info@adverweb.com[\/vc_column_text][\/vc_column][\/vc_row]<\/p>\n<\/div>","protected":false},"excerpt":{"rendered":"<p>[vc_row][vc_column][vc_column_text]Cuando visita nuestro sitio web, adverweb.com, algunas cookies u otras tecnolog\u00edas de seguimiento pueden almacenarse en su dispositivo (computadora, tableta o tel\u00e9fono inteligente). Esta Pol\u00edtica de cookies contiene informaci\u00f3n sobre qu\u00e9 son las cookies, el tipo de cookies utilizadas por ADVERWEB CONSULTING GROUP INC en el sitio web adverweb.com y el prop\u00f3sito de dicho uso, [&hellip;]<\/p>\n","protected":false},"author":2,"featured_media":0,"parent":0,"menu_order":0,"comment_status":"closed","ping_status":"closed","template":"","meta":{"_coblocks_attr":"","_coblocks_dimensions":"","_coblocks_responsive_height":"","_coblocks_accordion_ie_support":"","content-type":"","footnotes":""},"class_list":["post-10737","page","type-page","status-publish","hentry","grve-entry-item"],"yoast_head":"<!-- This site is optimized with the Yoast SEO plugin v27.3 - https:\/\/yoast.com\/product\/yoast-seo-wordpress\/ -->\n<title>Cookies - Adverweb<\/title>\n<meta name=\"description\" content=\"Cuando visita nuestro sitio web, adverweb.com, algunas cookies u otras tecnolog\u00edas de seguimiento pueden almacenarse en su dispositivo.\" \/>\n<meta name=\"robots\" content=\"noindex, follow, max-snippet:-1, max-image-preview:large, max-video-preview:-1\" \/>\n<meta property=\"og:locale\" content=\"es_ES\" \/>\n<meta property=\"og:type\" content=\"article\" \/>\n<meta property=\"og:title\" content=\"Cookies - Adverweb\" \/>\n<meta property=\"og:description\" content=\"Cuando visita nuestro sitio web, adverweb.com, algunas cookies u otras tecnolog\u00edas de seguimiento pueden almacenarse en su dispositivo.\" \/>\n<meta property=\"og:url\" content=\"https:\/\/adverweb.com\/es\/politica-de-cookies\/\" \/>\n<meta property=\"og:site_name\" content=\"Adverweb\" \/>\n<meta property=\"article:publisher\" content=\"https:\/\/www.facebook.com\/adverwebcg\" \/>\n<meta property=\"article:modified_time\" content=\"2023-03-16T13:45:40+00:00\" \/>\n<meta name=\"twitter:card\" content=\"summary_large_image\" \/>\n<meta name=\"twitter:site\" content=\"@adverweb\" \/>\n<meta name=\"twitter:label1\" content=\"Tiempo de lectura\" \/>\n\t<meta name=\"twitter:data1\" content=\"4 minutos\" \/>\n<script type=\"application\/ld+json\" class=\"yoast-schema-graph\">{\"@context\":\"https:\\\/\\\/schema.org\",\"@graph\":[{\"@type\":\"WebPage\",\"@id\":\"https:\\\/\\\/adverweb.com\\\/es\\\/politica-de-cookies\\\/\",\"url\":\"https:\\\/\\\/adverweb.com\\\/es\\\/politica-de-cookies\\\/\",\"name\":\"Cookies - Adverweb\",\"isPartOf\":{\"@id\":\"https:\\\/\\\/adverweb.com\\\/es\\\/#website\"},\"datePublished\":\"2022-04-01T21:56:31+00:00\",\"dateModified\":\"2023-03-16T13:45:40+00:00\",\"description\":\"Cuando visita nuestro sitio web, adverweb.com, algunas cookies u otras tecnolog\u00edas de seguimiento pueden almacenarse en su dispositivo.\",\"breadcrumb\":{\"@id\":\"https:\\\/\\\/adverweb.com\\\/es\\\/politica-de-cookies\\\/#breadcrumb\"},\"inLanguage\":\"es\",\"potentialAction\":[{\"@type\":\"ReadAction\",\"target\":[\"https:\\\/\\\/adverweb.com\\\/es\\\/politica-de-cookies\\\/\"]}]},{\"@type\":\"BreadcrumbList\",\"@id\":\"https:\\\/\\\/adverweb.com\\\/es\\\/politica-de-cookies\\\/#breadcrumb\",\"itemListElement\":[{\"@type\":\"ListItem\",\"position\":1,\"name\":\"Home\",\"item\":\"https:\\\/\\\/adverweb.com\\\/es\\\/\"},{\"@type\":\"ListItem\",\"position\":2,\"name\":\"Cookies\"}]},{\"@type\":\"WebSite\",\"@id\":\"https:\\\/\\\/adverweb.com\\\/es\\\/#website\",\"url\":\"https:\\\/\\\/adverweb.com\\\/es\\\/\",\"name\":\"Adverweb\",\"description\":\"Nuevos retos\",\"publisher\":{\"@id\":\"https:\\\/\\\/adverweb.com\\\/es\\\/#organization\"},\"potentialAction\":[{\"@type\":\"SearchAction\",\"target\":{\"@type\":\"EntryPoint\",\"urlTemplate\":\"https:\\\/\\\/adverweb.com\\\/es\\\/?s={search_term_string}\"},\"query-input\":{\"@type\":\"PropertyValueSpecification\",\"valueRequired\":true,\"valueName\":\"search_term_string\"}}],\"inLanguage\":\"es\"},{\"@type\":\"Organization\",\"@id\":\"https:\\\/\\\/adverweb.com\\\/es\\\/#organization\",\"name\":\"Adverweb Consulting Group\",\"url\":\"https:\\\/\\\/adverweb.com\\\/es\\\/\",\"logo\":{\"@type\":\"ImageObject\",\"inLanguage\":\"es\",\"@id\":\"https:\\\/\\\/adverweb.com\\\/es\\\/#\\\/schema\\\/logo\\\/image\\\/\",\"url\":\"https:\\\/\\\/4mib37.p3cdn1.secureserver.net\\\/wp-content\\\/uploads\\\/2022\\\/01\\\/FAVICON_AW-06.png?time=1681825109\",\"contentUrl\":\"https:\\\/\\\/4mib37.p3cdn1.secureserver.net\\\/wp-content\\\/uploads\\\/2022\\\/01\\\/FAVICON_AW-06.png?time=1681825109\",\"width\":174,\"height\":175,\"caption\":\"Adverweb Consulting Group\"},\"image\":{\"@id\":\"https:\\\/\\\/adverweb.com\\\/es\\\/#\\\/schema\\\/logo\\\/image\\\/\"},\"sameAs\":[\"https:\\\/\\\/www.facebook.com\\\/adverwebcg\",\"https:\\\/\\\/x.com\\\/adverweb\",\"https:\\\/\\\/www.instagram.com\\\/adverwebcg\\\/\",\"https:\\\/\\\/www.linkedin.com\\\/company\\\/adverweb\\\/\"]}]}<\/script>\n<!-- \/ Yoast SEO plugin. -->","yoast_head_json":{"title":"Cookies - Adverweb","description":"Cuando visita nuestro sitio web, adverweb.com, algunas cookies u otras tecnolog\u00edas de seguimiento pueden almacenarse en su dispositivo.","robots":{"index":"noindex","follow":"follow","max-snippet":"max-snippet:-1","max-image-preview":"max-image-preview:large","max-video-preview":"max-video-preview:-1"},"og_locale":"es_ES","og_type":"article","og_title":"Cookies - Adverweb","og_description":"Cuando visita nuestro sitio web, adverweb.com, algunas cookies u otras tecnolog\u00edas de seguimiento pueden almacenarse en su dispositivo.","og_url":"https:\/\/adverweb.com\/es\/politica-de-cookies\/","og_site_name":"Adverweb","article_publisher":"https:\/\/www.facebook.com\/adverwebcg","article_modified_time":"2023-03-16T13:45:40+00:00","twitter_card":"summary_large_image","twitter_site":"@adverweb","twitter_misc":{"Tiempo de lectura":"4 minutos"},"schema":{"@context":"https:\/\/schema.org","@graph":[{"@type":"WebPage","@id":"https:\/\/adverweb.com\/es\/politica-de-cookies\/","url":"https:\/\/adverweb.com\/es\/politica-de-cookies\/","name":"Cookies - Adverweb","isPartOf":{"@id":"https:\/\/adverweb.com\/es\/#website"},"datePublished":"2022-04-01T21:56:31+00:00","dateModified":"2023-03-16T13:45:40+00:00","description":"Cuando visita nuestro sitio web, adverweb.com, algunas cookies u otras tecnolog\u00edas de seguimiento pueden almacenarse en su dispositivo.","breadcrumb":{"@id":"https:\/\/adverweb.com\/es\/politica-de-cookies\/#breadcrumb"},"inLanguage":"es","potentialAction":[{"@type":"ReadAction","target":["https:\/\/adverweb.com\/es\/politica-de-cookies\/"]}]},{"@type":"BreadcrumbList","@id":"https:\/\/adverweb.com\/es\/politica-de-cookies\/#breadcrumb","itemListElement":[{"@type":"ListItem","position":1,"name":"Home","item":"https:\/\/adverweb.com\/es\/"},{"@type":"ListItem","position":2,"name":"Cookies"}]},{"@type":"WebSite","@id":"https:\/\/adverweb.com\/es\/#website","url":"https:\/\/adverweb.com\/es\/","name":"Adverweb","description":"Nuevos retos","publisher":{"@id":"https:\/\/adverweb.com\/es\/#organization"},"potentialAction":[{"@type":"SearchAction","target":{"@type":"EntryPoint","urlTemplate":"https:\/\/adverweb.com\/es\/?s={search_term_string}"},"query-input":{"@type":"PropertyValueSpecification","valueRequired":true,"valueName":"search_term_string"}}],"inLanguage":"es"},{"@type":"Organization","@id":"https:\/\/adverweb.com\/es\/#organization","name":"Adverweb Consulting Group","url":"https:\/\/adverweb.com\/es\/","logo":{"@type":"ImageObject","inLanguage":"es","@id":"https:\/\/adverweb.com\/es\/#\/schema\/logo\/image\/","url":"https:\/\/4mib37.p3cdn1.secureserver.net\/wp-content\/uploads\/2022\/01\/FAVICON_AW-06.png?time=1681825109","contentUrl":"https:\/\/4mib37.p3cdn1.secureserver.net\/wp-content\/uploads\/2022\/01\/FAVICON_AW-06.png?time=1681825109","width":174,"height":175,"caption":"Adverweb Consulting Group"},"image":{"@id":"https:\/\/adverweb.com\/es\/#\/schema\/logo\/image\/"},"sameAs":["https:\/\/www.facebook.com\/adverwebcg","https:\/\/x.com\/adverweb","https:\/\/www.instagram.com\/adverwebcg\/","https:\/\/www.linkedin.com\/company\/adverweb\/"]}]}},"_links":{"self":[{"href":"https:\/\/adverweb.com\/es\/wp-json\/wp\/v2\/pages\/10737","targetHints":{"allow":["GET"]}}],"collection":[{"href":"https:\/\/adverweb.com\/es\/wp-json\/wp\/v2\/pages"}],"about":[{"href":"https:\/\/adverweb.com\/es\/wp-json\/wp\/v2\/types\/page"}],"author":[{"embeddable":true,"href":"https:\/\/adverweb.com\/es\/wp-json\/wp\/v2\/users\/2"}],"replies":[{"embeddable":true,"href":"https:\/\/adverweb.com\/es\/wp-json\/wp\/v2\/comments?post=10737"}],"version-history":[{"count":5,"href":"https:\/\/adverweb.com\/es\/wp-json\/wp\/v2\/pages\/10737\/revisions"}],"predecessor-version":[{"id":11062,"href":"https:\/\/adverweb.com\/es\/wp-json\/wp\/v2\/pages\/10737\/revisions\/11062"}],"wp:attachment":[{"href":"https:\/\/adverweb.com\/es\/wp-json\/wp\/v2\/media?parent=10737"}],"curies":[{"name":"wp","href":"https:\/\/api.w.org\/{rel}","templated":true}]}}