{"id":10373,"date":"2022-03-08T10:47:21","date_gmt":"2022-03-08T15:47:21","guid":{"rendered":"https:\/\/adverweb.com\/productos\/"},"modified":"2023-03-16T08:57:17","modified_gmt":"2023-03-16T13:57:17","slug":"productos","status":"publish","type":"page","link":"https:\/\/adverweb.com\/es\/productos\/","title":{"rendered":"Productos"},"content":{"rendered":"<div class=\"wpb-content-wrapper\"><p>[vc_row padding_top_multiplier=\u00bb4x\u00bb padding_bottom_multiplier=\u00bb4x\u00bb rc_bg_type=\u00bbcolor\u00bb tablet_columns_vertical_gap=\u00bb40&#8243; separator_top=\u00bbtilt-left-separator\u00bb rc_bg_color=\u00bb#ba1c21&#8243;][vc_column width=\u00bb1\/2&#8243; vertical_content_position=\u00bbmiddle\u00bb rc_font_color=\u00bb#ffffff\u00bb]<div class=\"grve-element grve-image grve-align-left max_imagen_prod\">\r\n\t<div class=\"grve-image-item\">\r\n\t\t\r\n\r\n<div class=\"grve-image-wrapper grve-no-effect\">\r\n\t\t<div class=\"grve-thumbnail-wrapper\"  style=\"width: 800px;\"><div class=\"grve-thumbnail\"  style=\"padding-top: 30.25%;\"><img fetchpriority=\"high\" decoding=\"async\" width=\"800\" height=\"242\" src=\"https:\/\/adverweb.com\/wp-content\/uploads\/2022\/03\/LOGO-PRODUCTOS_1.png\" class=\"attachment-full size-full\" alt=\"\" srcset=\"https:\/\/adverweb.com\/wp-content\/uploads\/2022\/03\/LOGO-PRODUCTOS_1.png 1x,https:\/\/adverweb.com\/wp-content\/uploads\/2022\/03\/LOGO-PRODUCTOS_1.png 2x\" data-column-space=\"auto\" data-lazyload=\"\" data-grve-filter=\"yes\" \/><\/div><\/div>\t<\/div>\r\n\t<\/div>\r\n<\/div>\r\n[vc_column_text]<span style=\"color: #fff;\">Soluci\u00f3n en l\u00ednea que permite el despacho de mensajes v\u00eda SMS sin importar la operadora a nivel nacional. A trav\u00e9s de esta soluci\u00f3n, podr\u00e1 planificar el env\u00edo de mensajes puntuales o por lote (masivo) para un grupo de destinatarios. Garantice la recepci\u00f3n del mensaje a su beneficiario sin importar operadora. El SMS es la conexi\u00f3n mas efectiva para la entrega del mensaje: Campa\u00f1as de mercadeo, notificaciones, facturaci\u00f3n, etc. Necesita un test de nuestra soluci\u00f3n? Cont\u00e1ctenos.<\/span>[\/vc_column_text]<div class=\"grve-empty-space grve-height-2x\"><\/div><div class=\"grve-element grve-align-inherit\"><a href=\"#\" class=\"grve-btn grve-square grve-bg-light-grey grve-border-light-grey grve-bg-hover-orange grve-border-hover-orange grve-text-dark-grey grve-text-hover-white grve-btn-medium btn_naranja\">\r\n\t\t<span>Leer m\u00e1s<\/span>\r\n\t\t\t\t\t\t\t<\/a><\/div>[\/vc_column][vc_column width=\u00bb1\/2&#8243;]<div class=\"grve-element grve-image grve-align-center\">\r\n\t<div class=\"grve-image-item\">\r\n\t\t\r\n\r\n<div class=\"grve-image-wrapper grve-no-effect\">\r\n\t\t<div class=\"grve-thumbnail-wrapper\"  style=\"width: 800px;\"><div class=\"grve-thumbnail\"  style=\"padding-top: 66.625%;\"><img decoding=\"async\" width=\"800\" height=\"533\" src=\"https:\/\/adverweb.com\/wp-content\/uploads\/2022\/03\/despachador_r1_c1-1.jpg\" class=\"attachment-full size-full\" alt=\"\" srcset=\"https:\/\/adverweb.com\/wp-content\/uploads\/2022\/03\/despachador_r1_c1-1.jpg 1x,https:\/\/adverweb.com\/wp-content\/uploads\/2022\/03\/despachador_r1_c1-1.jpg 2x\" data-column-space=\"auto\" data-lazyload=\"\" data-grve-filter=\"yes\" \/><\/div><\/div>\t<\/div>\r\n\t<\/div>\r\n<\/div>\r\n[\/vc_column][\/vc_row][vc_row padding_top_multiplier=\u00bb4x\u00bb padding_bottom_multiplier=\u00bb4x\u00bb rc_bg_type=\u00bbimage\u00bb rc_bg_image=\u00bb10789&#8243; rc_bg_color_overlay=\u00bbprimary-4&#8243; separator_top_color=\u00bb#8224e3&#8243; separator_bottom=\u00bbtilt-left-separator\u00bb][vc_column width=\u00bb1\/2&#8243;][\/vc_column][vc_column width=\u00bb1\/2&#8243;]<div class=\"grve-element grve-image grve-align-left max_imagen_prod\">\r\n\t<div class=\"grve-image-item\">\r\n\t\t\r\n\r\n<div class=\"grve-image-wrapper grve-no-effect\">\r\n\t\t<div class=\"grve-thumbnail-wrapper\"  style=\"width: 800px;\"><div class=\"grve-thumbnail\"  style=\"padding-top: 30.25%;\"><img decoding=\"async\" width=\"800\" height=\"242\" src=\"https:\/\/adverweb.com\/wp-content\/uploads\/2022\/03\/LOGO-PRODUCTOS_2.png\" class=\"attachment-full size-full\" alt=\"\" srcset=\"https:\/\/adverweb.com\/wp-content\/uploads\/2022\/03\/LOGO-PRODUCTOS_2.png 1x,https:\/\/adverweb.com\/wp-content\/uploads\/2022\/03\/LOGO-PRODUCTOS_2.png 2x\" data-column-space=\"auto\" data-lazyload=\"\" data-grve-filter=\"yes\" \/><\/div><\/div>\t<\/div>\r\n\t<\/div>\r\n<\/div>\r\n[vc_column_text]<span style=\"color: #fff;\">Soluci\u00f3n web que permite gestion de informaci\u00f3n de un Puesto de bolsa independiente de su CORE de datos hacia sus clientes. Nuestra plataforma se adapta a sus necesidades para ofrecer a sus clientes un canal digital m\u00e1s humano: consultar su posici\u00f3n en tiempo real, estado de cuenta, consultas hist\u00f3ricas, colocar y hacer seguimiento de \u00f3rdenes desde cualquier lugar y a cualquier hora. Manejo de perfilado seguro para el cliente, OTP, consultas varias, etc.\u2026 son parte de nuestra soluci\u00f3n en l\u00ednea. Se integra con cualquier sistema de datos central. Cont\u00e1ctenos para ofrecerle un demo de la soluci\u00f3n. Ubibroker es una plataforma orientada a transformar su empresa pensando en tus usuarios digitales.<\/span>[\/vc_column_text]<div class=\"grve-empty-space grve-height-2x\"><\/div><div class=\"grve-element grve-align-inherit\"><a href=\"http:\/\/ubibroker.com\/\" target=\"_blank\" class=\"grve-btn grve-square grve-bg-light-grey grve-border-light-grey grve-bg-hover-black grve-border-hover-black grve-text-dark-grey grve-text-hover-white grve-btn-medium btn_verde\">\r\n\t\t<span>Leer m\u00e1s<\/span>\r\n\t\t\t\t\t\t\t<\/a><\/div>[\/vc_column][\/vc_row][vc_row padding_top_multiplier=\u00bb4x\u00bb padding_bottom_multiplier=\u00bb4x\u00bb rc_bg_type=\u00bbcolor\u00bb tablet_columns_vertical_gap=\u00bb40&#8243; separator_bottom=\u00bbtilt-right-separator\u00bb separator_bottom_color=\u00bb#131729&#8243;][vc_column width=\u00bb1\/2&#8243; vertical_content_position=\u00bbmiddle\u00bb]<div class=\"grve-element grve-image grve-align-left max_imagen_prod\">\r\n\t<div class=\"grve-image-item\">\r\n\t\t\r\n\r\n<div class=\"grve-image-wrapper grve-no-effect\">\r\n\t\t<div class=\"grve-thumbnail-wrapper\"  style=\"width: 800px;\"><div class=\"grve-thumbnail\"  style=\"padding-top: 30.25%;\"><img loading=\"lazy\" decoding=\"async\" width=\"800\" height=\"242\" src=\"https:\/\/adverweb.com\/wp-content\/uploads\/2022\/03\/LOGO-PRODUCTOS_3.png\" class=\"attachment-full size-full\" alt=\"\" srcset=\"https:\/\/adverweb.com\/wp-content\/uploads\/2022\/03\/LOGO-PRODUCTOS_3.png 1x,https:\/\/adverweb.com\/wp-content\/uploads\/2022\/03\/LOGO-PRODUCTOS_3.png 2x\" data-column-space=\"auto\" data-lazyload=\"\" data-grve-filter=\"yes\" \/><\/div><\/div>\t<\/div>\r\n\t<\/div>\r\n<\/div>\r\n[vc_column_text]Es la plataforma de Banca en l\u00ednea desarrollado a la medida de las entidades financieras. Soluci\u00f3n robusta, flexible y escalable con una amplia diversidad de m\u00f3dulos para atender el canal electr\u00f3nico como un canal de autogesti\u00f3n ante sus clientes. El sistema tambi\u00e9n se puede utilizar para adaptarse a sus necesidades comerciales espec\u00edficas, sirviendo para la gesti\u00f3n de transacciones, como una plataforma de pago, para transferencias internacionales o simplemente como una soluci\u00f3n de mensajer\u00eda e interacci\u00f3n con el cliente.[\/vc_column_text]<div class=\"grve-empty-space grve-height-2x\"><\/div><div class=\"grve-element grve-align-inherit\"><a href=\"#\" class=\"grve-btn grve-square grve-bg-light-grey grve-border-light-grey grve-bg-hover-black grve-border-hover-black grve-text-dark-grey grve-text-hover-white grve-btn-medium btn_clarito\">\r\n\t\t<span>Leer m\u00e1s<\/span>\r\n\t\t\t\t\t\t\t<\/a><\/div>[\/vc_column][vc_column width=\u00bb1\/2&#8243;]<div class=\"grve-element grve-image grve-align-center\">\r\n\t<div class=\"grve-image-item\">\r\n\t\t\r\n\r\n<div class=\"grve-image-wrapper grve-no-effect\">\r\n\t\t<div class=\"grve-thumbnail-wrapper\"  style=\"width: 800px;\"><div class=\"grve-thumbnail\"  style=\"padding-top: 66.625%;\"><img loading=\"lazy\" decoding=\"async\" width=\"800\" height=\"533\" src=\"https:\/\/adverweb.com\/wp-content\/uploads\/2022\/03\/interBanker_r1_c1.jpg\" class=\"attachment-full size-full\" alt=\"\" data-column-space=\"auto\" data-lazyload=\"\" data-grve-filter=\"yes\" srcset=\"https:\/\/adverweb.com\/wp-content\/uploads\/2022\/03\/interBanker_r1_c1.jpg 800w, https:\/\/adverweb.com\/wp-content\/uploads\/2022\/03\/interBanker_r1_c1-300x200.jpg 300w, https:\/\/adverweb.com\/wp-content\/uploads\/2022\/03\/interBanker_r1_c1-768x512.jpg 768w\" sizes=\"(max-width: 800px) 100vw, 800px\" \/><\/div><\/div>\t<\/div>\r\n\t<\/div>\r\n<\/div>\r\n[\/vc_column][\/vc_row]<\/p>\n<\/div>","protected":false},"excerpt":{"rendered":"<p>[vc_row padding_top_multiplier=\u00bb4x\u00bb padding_bottom_multiplier=\u00bb4x\u00bb rc_bg_type=\u00bbcolor\u00bb tablet_columns_vertical_gap=\u00bb40&#8243; separator_top=\u00bbtilt-left-separator\u00bb rc_bg_color=\u00bb#ba1c21&#8243;][vc_column width=\u00bb1\/2&#8243; vertical_content_position=\u00bbmiddle\u00bb rc_font_color=\u00bb#ffffff\u00bb][vc_column_text]Soluci\u00f3n en l\u00ednea que permite el despacho de mensajes v\u00eda SMS sin importar la operadora a nivel nacional. A trav\u00e9s de esta soluci\u00f3n, podr\u00e1 planificar el env\u00edo de mensajes puntuales o por lote (masivo) para un grupo de destinatarios. Garantice la recepci\u00f3n del mensaje a su [&hellip;]<\/p>\n","protected":false},"author":2,"featured_media":0,"parent":0,"menu_order":0,"comment_status":"closed","ping_status":"closed","template":"","meta":{"_coblocks_attr":"","_coblocks_dimensions":"","_coblocks_responsive_height":"","_coblocks_accordion_ie_support":"","content-type":"","footnotes":""},"class_list":["post-10373","page","type-page","status-publish","hentry","grve-entry-item"],"yoast_head":"<!-- This site is optimized with the Yoast SEO plugin v27.3 - https:\/\/yoast.com\/product\/yoast-seo-wordpress\/ -->\n<title>Productos - Adverweb<\/title>\n<meta name=\"description\" content=\"Descubre los beneficios que nuestras soluciones aportar\u00e1n a tu empresa.\" \/>\n<meta name=\"robots\" content=\"noindex, follow, max-snippet:-1, max-image-preview:large, max-video-preview:-1\" \/>\n<meta property=\"og:locale\" content=\"es_ES\" \/>\n<meta property=\"og:type\" content=\"article\" \/>\n<meta property=\"og:title\" content=\"Productos - Adverweb\" \/>\n<meta property=\"og:description\" content=\"Descubre los beneficios que nuestras soluciones aportar\u00e1n a tu empresa.\" \/>\n<meta property=\"og:url\" content=\"https:\/\/adverweb.com\/es\/productos\/\" \/>\n<meta property=\"og:site_name\" content=\"Adverweb\" \/>\n<meta property=\"article:publisher\" content=\"https:\/\/www.facebook.com\/adverwebcg\" \/>\n<meta property=\"article:modified_time\" content=\"2023-03-16T13:57:17+00:00\" \/>\n<meta name=\"twitter:card\" content=\"summary_large_image\" \/>\n<meta name=\"twitter:site\" content=\"@adverweb\" \/>\n<meta name=\"twitter:label1\" content=\"Tiempo de lectura\" \/>\n\t<meta name=\"twitter:data1\" content=\"2 minutos\" \/>\n<script type=\"application\/ld+json\" class=\"yoast-schema-graph\">{\"@context\":\"https:\\\/\\\/schema.org\",\"@graph\":[{\"@type\":\"WebPage\",\"@id\":\"https:\\\/\\\/adverweb.com\\\/es\\\/productos\\\/\",\"url\":\"https:\\\/\\\/adverweb.com\\\/es\\\/productos\\\/\",\"name\":\"Productos - Adverweb\",\"isPartOf\":{\"@id\":\"https:\\\/\\\/adverweb.com\\\/es\\\/#website\"},\"datePublished\":\"2022-03-08T15:47:21+00:00\",\"dateModified\":\"2023-03-16T13:57:17+00:00\",\"description\":\"Descubre los beneficios que nuestras soluciones aportar\u00e1n a tu empresa.\",\"breadcrumb\":{\"@id\":\"https:\\\/\\\/adverweb.com\\\/es\\\/productos\\\/#breadcrumb\"},\"inLanguage\":\"es\",\"potentialAction\":[{\"@type\":\"ReadAction\",\"target\":[\"https:\\\/\\\/adverweb.com\\\/es\\\/productos\\\/\"]}]},{\"@type\":\"BreadcrumbList\",\"@id\":\"https:\\\/\\\/adverweb.com\\\/es\\\/productos\\\/#breadcrumb\",\"itemListElement\":[{\"@type\":\"ListItem\",\"position\":1,\"name\":\"Home\",\"item\":\"https:\\\/\\\/adverweb.com\\\/es\\\/\"},{\"@type\":\"ListItem\",\"position\":2,\"name\":\"Productos\"}]},{\"@type\":\"WebSite\",\"@id\":\"https:\\\/\\\/adverweb.com\\\/es\\\/#website\",\"url\":\"https:\\\/\\\/adverweb.com\\\/es\\\/\",\"name\":\"Adverweb\",\"description\":\"Nuevos retos\",\"publisher\":{\"@id\":\"https:\\\/\\\/adverweb.com\\\/es\\\/#organization\"},\"potentialAction\":[{\"@type\":\"SearchAction\",\"target\":{\"@type\":\"EntryPoint\",\"urlTemplate\":\"https:\\\/\\\/adverweb.com\\\/es\\\/?s={search_term_string}\"},\"query-input\":{\"@type\":\"PropertyValueSpecification\",\"valueRequired\":true,\"valueName\":\"search_term_string\"}}],\"inLanguage\":\"es\"},{\"@type\":\"Organization\",\"@id\":\"https:\\\/\\\/adverweb.com\\\/es\\\/#organization\",\"name\":\"Adverweb Consulting Group\",\"url\":\"https:\\\/\\\/adverweb.com\\\/es\\\/\",\"logo\":{\"@type\":\"ImageObject\",\"inLanguage\":\"es\",\"@id\":\"https:\\\/\\\/adverweb.com\\\/es\\\/#\\\/schema\\\/logo\\\/image\\\/\",\"url\":\"https:\\\/\\\/4mib37.p3cdn1.secureserver.net\\\/wp-content\\\/uploads\\\/2022\\\/01\\\/FAVICON_AW-06.png?time=1681825109\",\"contentUrl\":\"https:\\\/\\\/4mib37.p3cdn1.secureserver.net\\\/wp-content\\\/uploads\\\/2022\\\/01\\\/FAVICON_AW-06.png?time=1681825109\",\"width\":174,\"height\":175,\"caption\":\"Adverweb Consulting Group\"},\"image\":{\"@id\":\"https:\\\/\\\/adverweb.com\\\/es\\\/#\\\/schema\\\/logo\\\/image\\\/\"},\"sameAs\":[\"https:\\\/\\\/www.facebook.com\\\/adverwebcg\",\"https:\\\/\\\/x.com\\\/adverweb\",\"https:\\\/\\\/www.instagram.com\\\/adverwebcg\\\/\",\"https:\\\/\\\/www.linkedin.com\\\/company\\\/adverweb\\\/\"]}]}<\/script>\n<!-- \/ Yoast SEO plugin. -->","yoast_head_json":{"title":"Productos - Adverweb","description":"Descubre los beneficios que nuestras soluciones aportar\u00e1n a tu empresa.","robots":{"index":"noindex","follow":"follow","max-snippet":"max-snippet:-1","max-image-preview":"max-image-preview:large","max-video-preview":"max-video-preview:-1"},"og_locale":"es_ES","og_type":"article","og_title":"Productos - Adverweb","og_description":"Descubre los beneficios que nuestras soluciones aportar\u00e1n a tu empresa.","og_url":"https:\/\/adverweb.com\/es\/productos\/","og_site_name":"Adverweb","article_publisher":"https:\/\/www.facebook.com\/adverwebcg","article_modified_time":"2023-03-16T13:57:17+00:00","twitter_card":"summary_large_image","twitter_site":"@adverweb","twitter_misc":{"Tiempo de lectura":"2 minutos"},"schema":{"@context":"https:\/\/schema.org","@graph":[{"@type":"WebPage","@id":"https:\/\/adverweb.com\/es\/productos\/","url":"https:\/\/adverweb.com\/es\/productos\/","name":"Productos - Adverweb","isPartOf":{"@id":"https:\/\/adverweb.com\/es\/#website"},"datePublished":"2022-03-08T15:47:21+00:00","dateModified":"2023-03-16T13:57:17+00:00","description":"Descubre los beneficios que nuestras soluciones aportar\u00e1n a tu empresa.","breadcrumb":{"@id":"https:\/\/adverweb.com\/es\/productos\/#breadcrumb"},"inLanguage":"es","potentialAction":[{"@type":"ReadAction","target":["https:\/\/adverweb.com\/es\/productos\/"]}]},{"@type":"BreadcrumbList","@id":"https:\/\/adverweb.com\/es\/productos\/#breadcrumb","itemListElement":[{"@type":"ListItem","position":1,"name":"Home","item":"https:\/\/adverweb.com\/es\/"},{"@type":"ListItem","position":2,"name":"Productos"}]},{"@type":"WebSite","@id":"https:\/\/adverweb.com\/es\/#website","url":"https:\/\/adverweb.com\/es\/","name":"Adverweb","description":"Nuevos retos","publisher":{"@id":"https:\/\/adverweb.com\/es\/#organization"},"potentialAction":[{"@type":"SearchAction","target":{"@type":"EntryPoint","urlTemplate":"https:\/\/adverweb.com\/es\/?s={search_term_string}"},"query-input":{"@type":"PropertyValueSpecification","valueRequired":true,"valueName":"search_term_string"}}],"inLanguage":"es"},{"@type":"Organization","@id":"https:\/\/adverweb.com\/es\/#organization","name":"Adverweb Consulting Group","url":"https:\/\/adverweb.com\/es\/","logo":{"@type":"ImageObject","inLanguage":"es","@id":"https:\/\/adverweb.com\/es\/#\/schema\/logo\/image\/","url":"https:\/\/4mib37.p3cdn1.secureserver.net\/wp-content\/uploads\/2022\/01\/FAVICON_AW-06.png?time=1681825109","contentUrl":"https:\/\/4mib37.p3cdn1.secureserver.net\/wp-content\/uploads\/2022\/01\/FAVICON_AW-06.png?time=1681825109","width":174,"height":175,"caption":"Adverweb Consulting Group"},"image":{"@id":"https:\/\/adverweb.com\/es\/#\/schema\/logo\/image\/"},"sameAs":["https:\/\/www.facebook.com\/adverwebcg","https:\/\/x.com\/adverweb","https:\/\/www.instagram.com\/adverwebcg\/","https:\/\/www.linkedin.com\/company\/adverweb\/"]}]}},"_links":{"self":[{"href":"https:\/\/adverweb.com\/es\/wp-json\/wp\/v2\/pages\/10373","targetHints":{"allow":["GET"]}}],"collection":[{"href":"https:\/\/adverweb.com\/es\/wp-json\/wp\/v2\/pages"}],"about":[{"href":"https:\/\/adverweb.com\/es\/wp-json\/wp\/v2\/types\/page"}],"author":[{"embeddable":true,"href":"https:\/\/adverweb.com\/es\/wp-json\/wp\/v2\/users\/2"}],"replies":[{"embeddable":true,"href":"https:\/\/adverweb.com\/es\/wp-json\/wp\/v2\/comments?post=10373"}],"version-history":[{"count":9,"href":"https:\/\/adverweb.com\/es\/wp-json\/wp\/v2\/pages\/10373\/revisions"}],"predecessor-version":[{"id":10792,"href":"https:\/\/adverweb.com\/es\/wp-json\/wp\/v2\/pages\/10373\/revisions\/10792"}],"wp:attachment":[{"href":"https:\/\/adverweb.com\/es\/wp-json\/wp\/v2\/media?parent=10373"}],"curies":[{"name":"wp","href":"https:\/\/api.w.org\/{rel}","templated":true}]}}